{"id":204845,"date":"2018-05-08T16:47:07","date_gmt":"2018-05-08T10:47:07","guid":{"rendered":"http:\/\/atviajes.net\/?page_id=204845"},"modified":"2020-11-01T14:26:32","modified_gmt":"2020-11-01T08:26:32","slug":"aviso-legal","status":"publish","type":"page","link":"http:\/\/atviajes.net\/?page_id=204845","title":{"rendered":"AVISO LEGAL"},"content":{"rendered":"<h1>AVISO LEGAL:<\/h1>\n<p>En cumplimiento del art\u00edculo 10 de la Ley 34\/2002, de 11 de julio, de Servicios de la Sociedad de la Informaci\u00f3n y Comercio Electr\u00f3nico (LSSICE) a continuaci\u00f3n se detallan los datos identificativos de la empresa:<\/p>\n<p>Raz\u00f3n social: ANTONIO DE LA TORRE VIAJES S.L. (<strong>En adelante, AT VIAJES<\/strong>). \u00a0<strong>\u00a0<\/strong><\/p>\n<p>CIF: B73652133<\/p>\n<p>Direcci\u00f3n: AVDA. TENIENTE MONTESINOS, 10, EDF. TORRE GODOY, 7 C, 30100 ESPINARDO &#8211; MURCIA.<\/p>\n<p>Tel\u00e9fono: (+34) 968 839 950<\/p>\n<p>Email: <a href=\"mailto:viajes@atviajes.es\">viajes@atviajes.es<\/a><\/p>\n<p>Nombre del dominio: <a href=\"http:\/\/www.atviajes.net\">http:\/\/www.atviajes.net<\/a><\/p>\n<p>Autorizaci\u00f3n administrativa: Autorizaci\u00f3n de la Comisi\u00f3n Nacional del Mercado y de la Competencia para la prestaci\u00f3n de servicios de comunicaciones electr\u00f3nicas.<\/p>\n<p>&nbsp;<\/p>\n<p><strong>REGISTRO MERCANTIL DE MURCIA<\/strong><\/p>\n<p>La empresa ANTONIO DE LA TORRE VIAJES S.L. ha sido registrada con 1\u00aa Inscripci\u00f3n de fecha 26\/11\/2009, con Tomo 2717, Folio 1, Secci\u00f3n 0 y Hoja MU-71518.<\/p>\n<p>&nbsp;<\/p>\n<p><strong>FINALIDAD DE LA P\u00c1GINA WEB<\/strong><\/p>\n<p>Venta de productos y\/o productos del sector de viajes y eventos relacionados con <strong>AT VIAJES<\/strong>. El presente aviso legal (en adelante, el \u00abAviso Legal\u00bb) regula el uso del sitio web: <a href=\"http:\/\/atviajes.net\">http:\/\/atviajes.net<\/a><\/p>\n<p>&nbsp;<\/p>\n<p><strong>LEGISLACI\u00d3N<\/strong><\/p>\n<p>Con car\u00e1cter general las relaciones entre <strong>AT VIAJES<\/strong> con los Usuarios de sus servicios telem\u00e1ticos, presentes en este sitio web, se encuentran sometidas a la legislaci\u00f3n y jurisdicci\u00f3n espa\u00f1olas.<\/p>\n<p>&nbsp;<\/p>\n<p><strong>USO Y ACCESO DE USUARIOS<\/strong><\/p>\n<p>El Usuario queda informado, y acepta, que el acceso a la presente web no supone, en modo alguno, el inicio de una relaci\u00f3n comercial con <strong>AT VIAJES<\/strong> o cualquiera de sus delegaciones.<\/p>\n<p>&nbsp;<\/p>\n<p><strong>PROPIEDAD INTELECTUAL E INDUSTRIAL<\/strong><\/p>\n<p>Los derechos de propiedad intelectual del contenido de las p\u00e1ginas web, su dise\u00f1o gr\u00e1fico y c\u00f3digos son titularidad de <strong>AT VIAJES<\/strong> y, por tanto, queda prohibida su reproducci\u00f3n, distribuci\u00f3n, comunicaci\u00f3n p\u00fablica, transformaci\u00f3n o cualquier otra actividad que se pueda realizar con los contenidos de sus p\u00e1ginas web ni aun citando las fuentes, salvo consentimiento por escrito de <strong>AT VIAJES.<\/strong> \u00a0<strong>\u00a0<\/strong><\/p>\n<p>&nbsp;<\/p>\n<p>&nbsp;<\/p>\n<p><strong>CONTENIDO DE LA WEB Y ENLACES (LINKS)<\/strong><\/p>\n<p>&nbsp;<\/p>\n<p><strong>AT VIAJES <\/strong>se reserva el derecho a actualizar, modificar o eliminar la informaci\u00f3n contenida en sus p\u00e1ginas web pudiendo incluso limitar o no permitir el acceso a dicha informaci\u00f3n a ciertos usuarios.<\/p>\n<p>&nbsp;<\/p>\n<p><strong>AT VIAJES <\/strong>no asume responsabilidad alguna por la informaci\u00f3n contenida en p\u00e1ginas web de terceros a las que se pueda acceder por \u00ablinks\u00bb o enlaces desde cualquier p\u00e1gina web propiedad de <strong>AT VIAJES.<\/strong> <strong>\u00a0<\/strong>\u00a0<strong>\u00a0<\/strong><\/p>\n<p>La presencia de \u00ablinks\u00bb o enlaces en las p\u00e1ginas web de <strong>AT VIAJES<\/strong> tiene finalidad meramente informativa y en ning\u00fan caso supone sugerencia, invitaci\u00f3n o recomendaci\u00f3n sobre los mismos.<\/p>\n<span class=\"et_bloom_bottom_trigger\"><\/span>","protected":false},"excerpt":{"rendered":"<p>AVISO LEGAL: En cumplimiento del art\u00edculo 10 de la Ley 34\/2002, de 11 de julio, de Servicios de la Sociedad de la Informaci\u00f3n y Comercio Electr\u00f3nico (LSSICE) a continuaci\u00f3n se detallan los datos identificativos de la empresa: Raz\u00f3n social: ANTONIO DE LA TORRE VIAJES S.L. (En adelante, AT VIAJES). \u00a0\u00a0 CIF: B73652133 Direcci\u00f3n: AVDA. TENIENTE [&hellip;]<\/p>\n","protected":false},"author":1,"featured_media":0,"parent":0,"menu_order":0,"comment_status":"closed","ping_status":"closed","template":"","meta":{"_et_pb_use_builder":"","_et_pb_old_content":"","_et_gb_content_width":"","_joinchat":[],"footnotes":""},"class_list":["post-204845","page","type-page","status-publish","hentry"],"_links":{"self":[{"href":"http:\/\/atviajes.net\/index.php?rest_route=\/wp\/v2\/pages\/204845","targetHints":{"allow":["GET"]}}],"collection":[{"href":"http:\/\/atviajes.net\/index.php?rest_route=\/wp\/v2\/pages"}],"about":[{"href":"http:\/\/atviajes.net\/index.php?rest_route=\/wp\/v2\/types\/page"}],"author":[{"embeddable":true,"href":"http:\/\/atviajes.net\/index.php?rest_route=\/wp\/v2\/users\/1"}],"replies":[{"embeddable":true,"href":"http:\/\/atviajes.net\/index.php?rest_route=%2Fwp%2Fv2%2Fcomments&post=204845"}],"version-history":[{"count":4,"href":"http:\/\/atviajes.net\/index.php?rest_route=\/wp\/v2\/pages\/204845\/revisions"}],"predecessor-version":[{"id":206077,"href":"http:\/\/atviajes.net\/index.php?rest_route=\/wp\/v2\/pages\/204845\/revisions\/206077"}],"wp:attachment":[{"href":"http:\/\/atviajes.net\/index.php?rest_route=%2Fwp%2Fv2%2Fmedia&parent=204845"}],"curies":[{"name":"wp","href":"https:\/\/api.w.org\/{rel}","templated":true}]}}