{"id":2,"date":"2008-03-11T11:31:12","date_gmt":"2008-03-11T05:31:12","guid":{"rendered":""},"modified":"2021-04-28T17:41:16","modified_gmt":"2021-04-28T11:41:16","slug":"about","status":"publish","type":"page","link":"https:\/\/atviajes.net\/?page_id=2","title":{"rendered":"Quienes Somos"},"content":{"rendered":"<p>[et_pb_section fb_built=\u00bb1&#8243; admin_label=\u00bbHero\u00bb _builder_version=\u00bb3.22&#8243; background_image=\u00bbhttp:\/\/atviajes.net\/wp-content\/uploads\/2018\/04\/travel-landscape-19.jpg\u00bb parallax=\u00bbon\u00bb custom_padding=\u00bb110px|||\u00bb][et_pb_row column_structure=\u00bb1_2,1_2&#8243; use_custom_gutter=\u00bbon\u00bb gutter_width=\u00bb1&#8243; module_class=\u00bb et_pb_row_fullwidth\u00bb _builder_version=\u00bb3.25&#8243; width=\u00bb100%\u00bb width_tablet=\u00bb100%\u00bb width_phone=\u00bb\u00bb width_last_edited=\u00bbon|desktop\u00bb max_width=\u00bb100%\u00bb max_width_tablet=\u00bb100%\u00bb max_width_phone=\u00bb\u00bb max_width_last_edited=\u00bbon|desktop\u00bb custom_margin=\u00bb|||\u00bb custom_padding=\u00bb|||\u00bb make_fullwidth=\u00bbon\u00bb][et_pb_column type=\u00bb1_2&#8243; _builder_version=\u00bb3.25&#8243; background_position=\u00bbtop_left\u00bb custom_padding=\u00bb|||\u00bb custom_padding__hover=\u00bb|||\u00bb][et_pb_image src=\u00bbhttp:\/\/atviajes.net\/wp-content\/uploads\/2018\/04\/LOGO-ATVIAJES-01.png\u00bb show_bottom_space=\u00bboff\u00bb force_fullwidth=\u00bbon\u00bb align_tablet=\u00bbcenter\u00bb align_phone=\u00bb\u00bb align_last_edited=\u00bbon|desktop\u00bb disabled_on=\u00bbon|on|off\u00bb _builder_version=\u00bb3.23&#8243; custom_margin=\u00bb|||\u00bb always_center_on_mobile=\u00bbon\u00bb][\/et_pb_image][\/et_pb_column][et_pb_column type=\u00bb1_2&#8243; _builder_version=\u00bb3.25&#8243; background_position=\u00bbtop_left\u00bb custom_padding=\u00bb|10%||10%\u00bb custom_padding__hover=\u00bb|||\u00bb][et_pb_text admin_label=\u00bbHero Title\u00bb _builder_version=\u00bb3.27.4&#8243; text_font=\u00bb||||\u00bb text_text_color=\u00bb#1a1a1a\u00bb header_font=\u00bbOswald|on||on|\u00bb header_text_align=\u00bbleft\u00bb header_font_size=\u00bb60px\u00bb header_line_height=\u00bb1.3em\u00bb background_layout=\u00bbdark\u00bb max_width=\u00bb450px\u00bb custom_margin=\u00bb|||\u00bb custom_padding=\u00bb|||\u00bb animation_style=\u00bbslide\u00bb animation_direction=\u00bbtop\u00bb animation_intensity_slide=\u00bb10%\u00bb locked=\u00bboff\u00bb]<\/p>\n<h1>Sobre Nosotros<\/h1>\n<p>[\/et_pb_text][et_pb_divider show_divider=\u00bboff\u00bb disabled_on=\u00bbon|on|off%22&#8243; _builder_version=\u00bb3.2&#8243; max_width=\u00bb150px\u00bb height=\u00bbfalse\u00bb custom_margin=\u00bb30px|||\u00bb animation_style=\u00bbslide\u00bb animation_direction=\u00bbtop\u00bb animation_delay=\u00bb100ms\u00bb animation_intensity_slide=\u00bb10%\u00bb locked=\u00bboff\u00bb][\/et_pb_divider][et_pb_text admin_label=\u00bbHero Sub Title\u00bb _builder_version=\u00bb4.9.4&#8243; text_font=\u00bbRoboto|||on|||||\u00bb text_font_size=\u00bb24px\u00bb text_line_height=\u00bb1.4em\u00bb background_size=\u00bbinitial\u00bb background_position=\u00bbtop_left\u00bb background_repeat=\u00bbrepeat\u00bb background_layout=\u00bbdark\u00bb max_width=\u00bb450px\u00bb custom_padding=\u00bb30px|||\u00bb animation_style=\u00bbslide\u00bb animation_direction=\u00bbtop\u00bb animation_delay=\u00bb200ms\u00bb animation_intensity_slide=\u00bb10%\u00bb locked=\u00bboff\u00bb]<\/p>\n<p style=\"text-align: left;\">SOMOS ESPECIALISTAS EN VIAJES ORGANIZADOS. Ponednos a prueba: os sorprender\u00e9is<\/p>\n<p>&nbsp;<\/p>\n<p>[\/et_pb_text][et_pb_text admin_label=\u00bbHero Text\u00bb _builder_version=\u00bb4.9.4&#8243; text_font=\u00bbRoboto||||\u00bb text_font_size=\u00bb16px\u00bb text_line_height=\u00bb1.9em\u00bb background_size=\u00bbinitial\u00bb background_position=\u00bbtop_left\u00bb background_repeat=\u00bbrepeat\u00bb background_layout=\u00bbdark\u00bb max_width=\u00bb450px\u00bb custom_margin=\u00bb60|||\u00bb custom_padding=\u00bb||60px|\u00bb animation_style=\u00bbslide\u00bb animation_direction=\u00bbtop\u00bb animation_delay=\u00bb400ms\u00bb animation_intensity_slide=\u00bb4%\u00bb locked=\u00bboff\u00bb]<\/p>\n<p>Quisiera daros las gracias a todas y cada una de las personas, empresas e instituciones que durante estos \u00faltimos 40 a\u00f1os han confiado en mis anteriores empresas, y sobre todo, en mi persona.<\/p>\n<p>Gracias a tod@s por vuestra confianza.<\/p>\n<p>[\/et_pb_text][\/et_pb_column][\/et_pb_row][\/et_pb_section][et_pb_section fb_built=\u00bb1&#8243; _builder_version=\u00bb3.22&#8243; custom_padding=\u00bb110px||110px|\u00bb][et_pb_row column_structure=\u00bb1_2,1_2&#8243; _builder_version=\u00bb3.25&#8243;][et_pb_column type=\u00bb1_2&#8243; _builder_version=\u00bb3.25&#8243; custom_padding=\u00bb|||\u00bb custom_padding__hover=\u00bb|||\u00bb][et_pb_text admin_label=\u00bbTitle\u00bb _builder_version=\u00bb3.27.4&#8243; text_font=\u00bb||||\u00bb text_text_color=\u00bb#1a1a1a\u00bb header_font=\u00bbOswald|on||on|\u00bb header_text_align=\u00bbleft\u00bb header_font_size=\u00bb60px\u00bb header_line_height=\u00bb1.3em\u00bb max_width=\u00bb450px\u00bb custom_margin=\u00bb|||\u00bb custom_padding=\u00bb|||\u00bb animation_style=\u00bbslide\u00bb animation_direction=\u00bbtop\u00bb animation_intensity_slide=\u00bb10%\u00bb locked=\u00bboff\u00bb]<\/p>\n<h1>Un nuevo concepto de Agencia de Viajes<\/h1>\n<p>[\/et_pb_text][et_pb_divider show_divider=\u00bboff\u00bb disabled_on=\u00bbon|on|off%22&#8243; _builder_version=\u00bb3.2&#8243; max_width=\u00bb150px\u00bb height=\u00bbfalse\u00bb custom_margin=\u00bb30px|||\u00bb animation_style=\u00bbslide\u00bb animation_direction=\u00bbtop\u00bb animation_delay=\u00bb100ms\u00bb animation_intensity_slide=\u00bb10%\u00bb locked=\u00bboff\u00bb][\/et_pb_divider][et_pb_text admin_label=\u00bbSub Title\u00bb _builder_version=\u00bb3.27.4&#8243; text_font=\u00bbRoboto||||\u00bb text_text_color=\u00bb#1a1a1a\u00bb text_font_size=\u00bb24px\u00bb text_line_height=\u00bb1.4em\u00bb background_size=\u00bbinitial\u00bb background_position=\u00bbtop_left\u00bb background_repeat=\u00bbrepeat\u00bb max_width=\u00bb450px\u00bb custom_padding=\u00bb30px|||\u00bb animation_style=\u00bbslide\u00bb animation_direction=\u00bbtop\u00bb animation_delay=\u00bb200ms\u00bb animation_intensity_slide=\u00bb10%\u00bb locked=\u00bboff\u00bb]<strong>AT VIAJES<\/strong>\u00a0nace como un nuevo concepto de Agencia de Viajes, con toda la experiencia acumulada y con las demandas de los nuevos tiempos. As\u00ed, os ofrezco un asesoramiento profesional y personalizado.<br \/>\n[\/et_pb_text][et_pb_text _builder_version=\u00bb3.27.4&#8243; text_font=\u00bbRoboto||||\u00bb text_font_size=\u00bb16px\u00bb text_line_height=\u00bb1.9em\u00bb background_size=\u00bbinitial\u00bb background_position=\u00bbtop_left\u00bb background_repeat=\u00bbrepeat\u00bb max_width=\u00bb450px\u00bb custom_margin=\u00bb60|||\u00bb custom_padding=\u00bb||60px|\u00bb animation_style=\u00bbslide\u00bb animation_direction=\u00bbtop\u00bb animation_delay=\u00bb400ms\u00bb animation_intensity_slide=\u00bb4%\u00bb locked=\u00bboff\u00bb]<\/p>\n<p>El d\u00eda 1 de Enero de 2.010 naci\u00f3\u00a0<strong>mi nueva Agencia de Viajes<\/strong>,\u00a0<strong><em>AT VIAJES<\/em>\u00a0(Antonio de la Torre Viajes, S.L.)<\/strong><\/p>\n<p>Ante cualquier eventualidad, quiero ser el defensor de vuestros intereses y el soporte legal en todas vuestras compras de viajes, incluidas, c\u00f3mo no, las de Internet. Gracias al equipo profesional que me acompa\u00f1a, los medios t\u00e9cnicos y tecnol\u00f3gicos de que disponemos, me permite seleccionar en todo momento la mejor propuesta de viaje, tanto individual como colectiva, con potentes buscadores de hoteles y aviones, tanto de\u00a0<em>low cost <\/em>como de tarifas negociadas.<\/p>\n<p>Por otra parte, quisiera destacar <strong>mi especializaci\u00f3n <\/strong>en la organizaci\u00f3n de <strong>Viajes de Estudiantes y de Grupos de Adultos, <\/strong>que durante <strong>m\u00e1s de 40 a\u00f1os llevo <\/strong><strong>programando<\/strong> y de los que me siento especialmente orgulloso. En esta nueva etapa, pondr\u00e9 al servicio de <strong><em><span style=\"color: #800000;\">AT VIAJES<\/span><\/em><\/strong>, y especialmente, de los amigos y clientes que conf\u00eden en este nuevo proyecto, toda mi experiencia para que reciban el mejor servicio y asesoramiento en sus viajes, <strong>y para que en ning\u00fan momento<\/strong> <strong>su viaje sea cosa del azar<\/strong>.<\/p>\n<p>&nbsp;<\/p>\n<p>[\/et_pb_text][\/et_pb_column][et_pb_column type=\u00bb1_2&#8243; _builder_version=\u00bb3.25&#8243; custom_padding=\u00bb|||\u00bb custom_padding__hover=\u00bb|||\u00bb][et_pb_image src=\u00bbhttp:\/\/atviajes.net\/wp-content\/uploads\/2018\/04\/travel-binoculars.jpg\u00bb force_fullwidth=\u00bbon\u00bb align_tablet=\u00bbcenter\u00bb align_phone=\u00bb\u00bb align_last_edited=\u00bbon|desktop\u00bb _builder_version=\u00bb3.23&#8243; custom_margin=\u00bb|||\u00bb animation_style=\u00bbslide\u00bb animation_direction=\u00bb%22fade_in%22&#8243; animation_duration=\u00bb500ms\u00bb animation_intensity_slide=\u00bb10%\u00bb animation=\u00bbfade_in\u00bb][\/et_pb_image][et_pb_image src=\u00bbhttp:\/\/atviajes.net\/wp-content\/uploads\/2018\/04\/travel-landscape-10.jpg\u00bb align_tablet=\u00bbcenter\u00bb align_phone=\u00bb\u00bb align_last_edited=\u00bbon|desktop\u00bb _builder_version=\u00bb3.23&#8243; always_center_on_mobile=\u00bbon\u00bb][\/et_pb_image][\/et_pb_column][\/et_pb_row][\/et_pb_section][et_pb_section fb_built=\u00bb1&#8243; admin_label=\u00bbLook Inside Section\u00bb _builder_version=\u00bb3.22&#8243; background_image=\u00bbhttp:\/\/atviajes.net\/wp-content\/uploads\/2018\/04\/travel-landscape-17.jpg\u00bb parallax=\u00bbon\u00bb custom_padding=\u00bb0px||0px|\u00bb][et_pb_row column_structure=\u00bb1_4,1_4,1_4,1_4&#8243; use_custom_gutter=\u00bbon\u00bb gutter_width=\u00bb1&#8243; custom_padding_last_edited=\u00bbon|tablet\u00bb disabled_on=\u00bboff|off|off\u00bb admin_label=\u00bbStats\u00bb module_class=\u00bb et_pb_row_fullwidth\u00bb _builder_version=\u00bb3.25&#8243; use_background_color_gradient=\u00bbon\u00bb background_color_gradient_start=\u00bbrgba(255,255,255,0.85)\u00bb background_color_gradient_end=\u00bb#ffffff\u00bb background_color_gradient_end_position=\u00bb70%\u00bb width=\u00bb100%\u00bb width_tablet=\u00bb100%\u00bb width_phone=\u00bb\u00bb width_last_edited=\u00bbon|desktop\u00bb max_width=\u00bb100%\u00bb max_width_tablet=\u00bb100%\u00bb max_width_phone=\u00bb\u00bb max_width_last_edited=\u00bbon|desktop\u00bb custom_margin=\u00bb0px||0px|\u00bb custom_padding=\u00bb6%|10%|110px|10%\u00bb custom_padding_tablet=\u00bb|0px||0px\u00bb custom_padding_phone=\u00bb\u00bb make_fullwidth=\u00bbon\u00bb][et_pb_column type=\u00bb1_4&#8243; _builder_version=\u00bb3.25&#8243; custom_padding=\u00bb|||\u00bb custom_padding__hover=\u00bb|||\u00bb][et_pb_number_counter title=\u00bbContinents\u00bb number=\u00bb4&#8243; percent_sign=\u00bboff\u00bb disabled_on=\u00bboff|off|off\u00bb _builder_version=\u00bb4.9.4&#8243; title_font=\u00bbOswald|on||on|\u00bb title_font_size=\u00bb24px\u00bb title_line_height=\u00bb1.6em\u00bb number_font=\u00bbOswald||||\u00bb number_text_color=\u00bb#ed4441&#8243; number_font_size=\u00bb72px\u00bb animation_style=\u00bbzoom\u00bb animation_intensity_zoom=\u00bb29%\u00bb][\/et_pb_number_counter][\/et_pb_column][et_pb_column type=\u00bb1_4&#8243; _builder_version=\u00bb3.25&#8243; custom_padding=\u00bb|||\u00bb custom_padding__hover=\u00bb|||\u00bb][et_pb_number_counter title=\u00bbCountries\u00bb number=\u00bb40&#8243; percent_sign=\u00bboff\u00bb _builder_version=\u00bb4.9.4&#8243; title_font=\u00bbOswald|on||on|\u00bb title_font_size=\u00bb24px\u00bb title_line_height=\u00bb1.6em\u00bb number_font=\u00bbOswald||||\u00bb number_text_color=\u00bb#ed4441&#8243; number_font_size=\u00bb72px\u00bb animation_style=\u00bbzoom\u00bb animation_delay=\u00bb100ms\u00bb animation_intensity_zoom=\u00bb29%\u00bb locked=\u00bboff\u00bb][\/et_pb_number_counter][\/et_pb_column][et_pb_column type=\u00bb1_4&#8243; _builder_version=\u00bb3.25&#8243; custom_padding=\u00bb|||\u00bb custom_padding__hover=\u00bb|||\u00bb][et_pb_number_counter title=\u00bbOceans\u00bb number=\u00bb3&#8243; percent_sign=\u00bboff\u00bb _builder_version=\u00bb4.9.4&#8243; title_font=\u00bbOswald|on||on|\u00bb title_font_size=\u00bb24px\u00bb title_line_height=\u00bb1.6em\u00bb number_font=\u00bbOswald||||\u00bb number_text_color=\u00bb#ed4441&#8243; number_font_size=\u00bb72px\u00bb animation_style=\u00bbzoom\u00bb animation_delay=\u00bb200ms\u00bb animation_intensity_zoom=\u00bb29%\u00bb locked=\u00bboff\u00bb][\/et_pb_number_counter][\/et_pb_column][et_pb_column type=\u00bb1_4&#8243; _builder_version=\u00bb3.25&#8243; custom_padding=\u00bb|||\u00bb custom_padding__hover=\u00bb|||\u00bb][et_pb_number_counter title=\u00bbCities\u00bb number=\u00bb400&#8243; percent_sign=\u00bboff\u00bb _builder_version=\u00bb4.9.4&#8243; title_font=\u00bbOswald|on||on|\u00bb title_font_size=\u00bb24px\u00bb title_line_height=\u00bb1.6em\u00bb number_font=\u00bbOswald||||\u00bb number_text_color=\u00bb#ed4441&#8243; number_font_size=\u00bb72px\u00bb animation_style=\u00bbzoom\u00bb animation_intensity_zoom=\u00bb29%\u00bb hover_enabled=\u00bb0&#8243; locked=\u00bboff\u00bb sticky_enabled=\u00bb0&#8243;][\/et_pb_number_counter][\/et_pb_column][\/et_pb_row][\/et_pb_section][et_pb_section fb_built=\u00bb1&#8243; custom_padding_last_edited=\u00bbon|tablet\u00bb _builder_version=\u00bb3.22&#8243; custom_padding=\u00bb180px||180px|\u00bb custom_padding_tablet=\u00bb80px||80px|\u00bb custom_padding_phone=\u00bb\u00bb][et_pb_row _builder_version=\u00bb3.25&#8243; locked=\u00bboff\u00bb][et_pb_column type=\u00bb4_4&#8243; _builder_version=\u00bb3.25&#8243; custom_padding=\u00bb|||\u00bb custom_padding__hover=\u00bb|||\u00bb][et_pb_text admin_label=\u00bbMore Places Title\u00bb _builder_version=\u00bb3.27.4&#8243; text_font=\u00bb||||\u00bb header_font=\u00bbOswald|on||on|\u00bb header_font_size=\u00bb60px\u00bb header_line_height=\u00bb1.3em\u00bb background_size=\u00bbinitial\u00bb background_position=\u00bbtop_left\u00bb background_repeat=\u00bbrepeat\u00bb text_orientation=\u00bbcenter\u00bb custom_margin=\u00bb|||\u00bb custom_padding=\u00bb|||\u00bb animation_style=\u00bbslide\u00bb animation_direction=\u00bbtop\u00bb animation_intensity_slide=\u00bb10%\u00bb]<\/p>\n<h1>Le Garantizamos<\/h1>\n<p>[\/et_pb_text][et_pb_divider show_divider=\u00bboff\u00bb disabled_on=\u00bbon|on|off%22&#8243; _builder_version=\u00bb3.2&#8243; max_width=\u00bb150px\u00bb module_alignment=\u00bbcenter\u00bb height=\u00bbfalse\u00bb custom_margin=\u00bb30px|||\u00bb animation_style=\u00bbslide\u00bb animation_direction=\u00bbtop\u00bb animation_delay=\u00bb100ms\u00bb animation_intensity_slide=\u00bb10%\u00bb locked=\u00bboff\u00bb][\/et_pb_divider][\/et_pb_column][\/et_pb_row][et_pb_row column_structure=\u00bb1_3,1_3,1_3&#8243; _builder_version=\u00bb3.25&#8243; custom_padding=\u00bb70px|||\u00bb locked=\u00bboff\u00bb][et_pb_column type=\u00bb1_3&#8243; _builder_version=\u00bb3.25&#8243; custom_padding=\u00bb|||\u00bb custom_padding__hover=\u00bb|||\u00bb][et_pb_blurb title=\u00bbDisfrute del viaje desde ya\u00bb use_icon=\u00bbon\u00bb font_icon=\u00bb%%110%%\u00bb icon_color=\u00bb#ed4441&#8243; use_icon_font_size=\u00bbon\u00bb icon_font_size=\u00bb60px\u00bb _builder_version=\u00bb3.0.106&#8243; header_font=\u00bbOswald|on||on|\u00bb header_font_size=\u00bb24px\u00bb body_font=\u00bbRoboto||||\u00bb body_font_size=\u00bb16px\u00bb body_line_height=\u00bb1.8em\u00bb text_orientation=\u00bbcenter\u00bb]Con nuestra experiencia y nuestro conocimiento usted disfrutar\u00e1 de su viaje desde el mismo momento en el que se ponga en contacto con nosotros.<br \/>\n[\/et_pb_blurb][\/et_pb_column][et_pb_column type=\u00bb1_3&#8243; _builder_version=\u00bb3.25&#8243; custom_padding=\u00bb|||\u00bb custom_padding__hover=\u00bb|||\u00bb][et_pb_blurb title=\u00bbViajes Personalizados\u00bb use_icon=\u00bbon\u00bb font_icon=\u00bb%%102%%\u00bb icon_color=\u00bb#ed4441&#8243; use_icon_font_size=\u00bbon\u00bb icon_font_size=\u00bb60px\u00bb _builder_version=\u00bb3.0.106&#8243; header_font=\u00bbOswald|on||on|\u00bb header_font_size=\u00bb24px\u00bb body_font=\u00bbRoboto||||\u00bb body_font_size=\u00bb16px\u00bb body_line_height=\u00bb1.8em\u00bb text_orientation=\u00bbcenter\u00bb]Podemos llevarle a cualquier parte del mundo. Adem\u00e1s podr\u00e1 contactarnos las 24 horas del d\u00eda por si surgiera un imprevisto durante su viaje.<br \/>\n[\/et_pb_blurb][\/et_pb_column][et_pb_column type=\u00bb1_3&#8243; _builder_version=\u00bb3.25&#8243; custom_padding=\u00bb|||\u00bb custom_padding__hover=\u00bb|||\u00bb][et_pb_blurb title=\u00bbViajes Colectivos\u00bb use_icon=\u00bbon\u00bb font_icon=\u00bb%%121%%\u00bb icon_color=\u00bb#ed4441&#8243; use_icon_font_size=\u00bbon\u00bb icon_font_size=\u00bb60px\u00bb _builder_version=\u00bb3.0.106&#8243; header_font=\u00bbOswald|on||on|\u00bb header_font_size=\u00bb24px\u00bb body_font=\u00bbRoboto||||\u00bb body_font_size=\u00bb16px\u00bb body_line_height=\u00bb1.8em\u00bb text_orientation=\u00bbcenter\u00bb]Nos hemos especializado en viajes de grupos donde nuestros expertos gu\u00edas los acompa\u00f1aran durante la estancia. Inf\u00f3rmese ya de nuestros pr\u00f3ximos viajes.<br \/>\n[\/et_pb_blurb][\/et_pb_column][\/et_pb_row][\/et_pb_section][et_pb_section fb_built=\u00bb1&#8243; custom_padding_last_edited=\u00bbon|tablet\u00bb admin_label=\u00bbOffer\u00bb _builder_version=\u00bb3.22&#8243; background_color=\u00bbrgba(0,0,0,0.5)\u00bb background_image=\u00bbhttp:\/\/atviajes.net\/wp-content\/uploads\/2018\/04\/travel-map.jpg\u00bb background_blend=\u00bbcolor\u00bb custom_padding=\u00bb120px||120px|\u00bb custom_padding_tablet=\u00bb80px||80px|\u00bb custom_padding_phone=\u00bb\u00bb][et_pb_row _builder_version=\u00bb3.25&#8243; custom_margin=\u00bb|||\u00bb][et_pb_column type=\u00bb4_4&#8243; _builder_version=\u00bb3.25&#8243; custom_padding=\u00bb|||\u00bb custom_padding__hover=\u00bb|||\u00bb][et_pb_text admin_label=\u00bbCTA Section Subtitle\u00bb _builder_version=\u00bb3.27.4&#8243; text_font=\u00bbRoboto|on||on|\u00bb text_font_size=\u00bb24px\u00bb text_letter_spacing=\u00bb4px\u00bb text_orientation=\u00bbcenter\u00bb background_layout=\u00bbdark\u00bb module_alignment=\u00bbcenter\u00bb animation_style=\u00bbzoom\u00bb animation_intensity_zoom=\u00bb20%\u00bb]EL VIAJE DE SUS SUE\u00d1OS<br \/>\n[\/et_pb_text][et_pb_text admin_label=\u00bbCTA Section Title\u00bb _builder_version=\u00bb3.27.4&#8243; text_font=\u00bb||||\u00bb header_font=\u00bbOswald|on||on|\u00bb header_text_align=\u00bbcenter\u00bb header_font_size=\u00bb60px\u00bb header_line_height=\u00bb1.3em\u00bb background_size=\u00bbinitial\u00bb background_position=\u00bbtop_left\u00bb background_repeat=\u00bbrepeat\u00bb background_layout=\u00bbdark\u00bb module_alignment=\u00bbcenter\u00bb custom_margin=\u00bb|||\u00bb custom_padding=\u00bb|||\u00bb animation_style=\u00bbzoom\u00bb animation_delay=\u00bb100ms\u00bb animation_intensity_zoom=\u00bb20%\u00bb locked=\u00bboff\u00bb]<\/p>\n<h1>SI NO ENCUENTRA EL VIAJE QUE QUIERE INF\u00d3RMENOS Y LE ASESORAREMOS EN TODO LO NECESARIO<\/h1>\n<p>[\/et_pb_text][et_pb_divider show_divider=\u00bboff\u00bb disabled_on=\u00bbon|on|off%22&#8243; _builder_version=\u00bb3.2&#8243; max_width=\u00bb150px\u00bb module_alignment=\u00bbcenter\u00bb height=\u00bbfalse\u00bb animation_style=\u00bbzoom\u00bb animation_delay=\u00bb200ms\u00bb animation_intensity_zoom=\u00bb20%\u00bb locked=\u00bboff\u00bb][\/et_pb_divider][et_pb_text _builder_version=\u00bb3.27.4&#8243; text_font=\u00bbRoboto||||\u00bb text_font_size=\u00bb24px\u00bb text_line_height=\u00bb1.4em\u00bb background_size=\u00bbinitial\u00bb background_position=\u00bbtop_left\u00bb background_repeat=\u00bbrepeat\u00bb text_orientation=\u00bbcenter\u00bb background_layout=\u00bbdark\u00bb max_width=\u00bb750px\u00bb module_alignment=\u00bbcenter\u00bb custom_padding=\u00bb30px||40px|\u00bb animation_style=\u00bbzoom\u00bb animation_delay=\u00bb300ms\u00bb animation_intensity_zoom=\u00bb20%\u00bb]Para m\u00e1s informaci\u00f3n p\u00f3ngase en contacto con nosotros.<br \/>\n[\/et_pb_text][et_pb_button button_url=\u00bbhttp:\/\/atviajes.net\/?page_id=34&#8243; button_text=\u00bbOrganizar mi viaje\u00bb button_alignment=\u00bbcenter\u00bb _builder_version=\u00bb3.16&#8243; custom_button=\u00bbon\u00bb button_text_color=\u00bb#ffffff\u00bb button_border_radius=\u00bb0px\u00bb button_letter_spacing=\u00bb4px\u00bb button_font=\u00bbOswald|on||on|\u00bb button_icon=\u00bb%%3%%\u00bb button_icon_color=\u00bb#ffffff\u00bb background_layout=\u00bbdark\u00bb animation_style=\u00bbzoom\u00bb animation_delay=\u00bb400ms\u00bb animation_intensity_zoom=\u00bb20%\u00bb button_border_color_hover=\u00bb#ffffff\u00bb button_border_radius_hover=\u00bb0px\u00bb button_letter_spacing_hover=\u00bb4px\u00bb button_bg_color_hover=\u00bbrgba(0,0,0,0)\u00bb button_text_size__hover_enabled=\u00bboff\u00bb button_one_text_size__hover_enabled=\u00bboff\u00bb button_two_text_size__hover_enabled=\u00bboff\u00bb button_text_color__hover_enabled=\u00bboff\u00bb button_one_text_color__hover_enabled=\u00bboff\u00bb button_two_text_color__hover_enabled=\u00bboff\u00bb button_border_width__hover_enabled=\u00bboff\u00bb button_one_border_width__hover_enabled=\u00bboff\u00bb button_two_border_width__hover_enabled=\u00bboff\u00bb button_border_color__hover_enabled=\u00bbon\u00bb button_border_color__hover=\u00bb#ffffff\u00bb button_one_border_color__hover_enabled=\u00bboff\u00bb button_two_border_color__hover_enabled=\u00bboff\u00bb button_border_radius__hover_enabled=\u00bbon\u00bb button_border_radius__hover=\u00bb0px\u00bb button_one_border_radius__hover_enabled=\u00bboff\u00bb button_two_border_radius__hover_enabled=\u00bboff\u00bb button_letter_spacing__hover_enabled=\u00bbon\u00bb button_letter_spacing__hover=\u00bb4px\u00bb button_one_letter_spacing__hover_enabled=\u00bboff\u00bb button_two_letter_spacing__hover_enabled=\u00bboff\u00bb button_bg_color__hover_enabled=\u00bbon\u00bb button_bg_color__hover=\u00bbrgba(0,0,0,0)\u00bb button_one_bg_color__hover_enabled=\u00bboff\u00bb button_two_bg_color__hover_enabled=\u00bboff\u00bb][\/et_pb_button][\/et_pb_column][\/et_pb_row][\/et_pb_section]<\/p>\n<span class=\"et_bloom_bottom_trigger\"><\/span>","protected":false},"excerpt":{"rendered":"<p>Sobre Nosotros SOMOS ESPECIALISTAS EN VIAJES ORGANIZADOS. Ponednos a prueba: os sorprender\u00e9is &nbsp;Quisiera daros las gracias a todas y cada una de las personas, empresas e instituciones que durante estos \u00faltimos 40 a\u00f1os han confiado en mis anteriores empresas, y sobre todo, en mi persona. Gracias a tod@s por vuestra confianza.Un nuevo concepto de Agencia [&hellip;]<\/p>\n","protected":false},"author":1,"featured_media":0,"parent":0,"menu_order":0,"comment_status":"closed","ping_status":"closed","template":"","meta":{"_et_pb_use_builder":"on","_et_pb_old_content":"<p style=\"text-align: center;\">[googleMap][\/googleMap]\u00a0<img class=\"size-medium wp-image-19 aligncenter\" title=\"ATVIAJESlogorojo\" src=\"http:\/\/atviajes.net\/wp-content\/uploads\/2008\/03\/ATVIAJESlogorojo-300x99.png\" alt=\"\" width=\"300\" height=\"99\" \/><\/p><p>El d\u00eda 1 de Enero de 2.010 naci\u00f3 <strong>mi nueva Agencia de Viajes<\/strong>, <strong><em><span style=\"color: #800000;\">AT VIAJES<\/span><\/em> (Antonio de la Torre Viajes, S.L.)<\/strong><\/p><p>[hr]<\/p><p>[quote float=\"left\"]Quisiera daros las gracias a todas y cada una de las personas, empresas e instituciones que durante estos \u00faltimos 30 a\u00f1os han confiado en mis anteriores empresas, y sobre todo, en mi persona[\/quote]<\/p><p><strong><span style=\"color: #800000;\">AT VIAJES<\/span><\/strong> nace como un nuevo concepto de Agencia de Viajes, con toda la experiencia acumulada y con las demandas de los nuevos tiempos. As\u00ed, os ofrezco un asesoramiento profesional y personalizado, sin horarios, con tel\u00e9fono 24 horas durante vuestro viaje. Ante cualquier eventualidad, quiero ser el defensor de vuestros intereses y el soporte legal en todas vuestras compras de viajes, incluidas, c\u00f3mo no, las de Internet. Gracias al equipo profesional que me acompa\u00f1a, los medios t\u00e9cnicos y tecnol\u00f3gicos de que disponemos, y el formar parte del Grupo Gea, (red de agencias de viajes independientes, con m\u00e1s de 1.500 oficinas en toda Espa\u00f1a y extranjero,) me permite seleccionar en todo momento la mejor propuesta de viaje, tanto individual como colectiva, con potentes buscadores de hoteles y aviones, tanto de <em>low cost<\/em> como de tarifas negociadas. <span style=\"color: #800000;\"><strong>Ponednos a prueba: os sorprender\u00e9is<\/strong>.<\/span><\/p><p>Por otra parte, quisiera destacar <strong>mi especializaci\u00f3n <\/strong>en la organizaci\u00f3n de <strong>Viajes de Estudiantes y de Grupos de Adultos, <\/strong>que durante <strong>m\u00e1s de 30 a\u00f1os llevo <\/strong><strong>programando<\/strong> y de los que me siento especialmente orgulloso. En esta nueva etapa, pondr\u00e9 al servicio de <strong><em><span style=\"color: #800000;\">AT VIAJES<\/span><\/em><\/strong>, y especialmente, de los amigos y clientes que conf\u00eden en este nuevo proyecto, toda mi experiencia para que reciban el mejor servicio y asesoramiento en sus viajes, <strong>y para que en ning\u00fan momento<\/strong> <strong>su viaje sea cosa del azar<\/strong>.<\/p><p>[highlight]Informarte que he desactivado la opci\u00f3n de compra de mi web para evitar cualquier error o mal entendido en tu selecci\u00f3n del viaje, yo me pondr\u00e9 en contacto contigo para cerrar y confirmar la reserva con plena garant\u00eda.[\/highlight]<\/p><p>Gracias a tod@s por vuestra confianza.<\/p><p>Antonio de la Torre.<\/p>","_et_gb_content_width":"","_joinchat":[],"footnotes":""},"class_list":["post-2","page","type-page","status-publish","hentry"],"_links":{"self":[{"href":"https:\/\/atviajes.net\/index.php?rest_route=\/wp\/v2\/pages\/2","targetHints":{"allow":["GET"]}}],"collection":[{"href":"https:\/\/atviajes.net\/index.php?rest_route=\/wp\/v2\/pages"}],"about":[{"href":"https:\/\/atviajes.net\/index.php?rest_route=\/wp\/v2\/types\/page"}],"author":[{"embeddable":true,"href":"https:\/\/atviajes.net\/index.php?rest_route=\/wp\/v2\/users\/1"}],"replies":[{"embeddable":true,"href":"https:\/\/atviajes.net\/index.php?rest_route=%2Fwp%2Fv2%2Fcomments&post=2"}],"version-history":[{"count":55,"href":"https:\/\/atviajes.net\/index.php?rest_route=\/wp\/v2\/pages\/2\/revisions"}],"predecessor-version":[{"id":206350,"href":"https:\/\/atviajes.net\/index.php?rest_route=\/wp\/v2\/pages\/2\/revisions\/206350"}],"wp:attachment":[{"href":"https:\/\/atviajes.net\/index.php?rest_route=%2Fwp%2Fv2%2Fmedia&parent=2"}],"curies":[{"name":"wp","href":"https:\/\/api.w.org\/{rel}","templated":true}]}}